{"id":1496,"date":"2025-07-31T08:01:22","date_gmt":"2025-07-31T08:01:22","guid":{"rendered":"https:\/\/www.directtaxatie.nl\/?page_id=1496"},"modified":"2025-11-12T09:24:25","modified_gmt":"2025-11-12T09:24:25","slug":"algemene-voorwaarden-direct-taxatie-voertuigen","status":"publish","type":"page","link":"https:\/\/www.directtaxatie.nl\/de\/algemene-voorwaarden-direct-taxatie-voertuigen\/","title":{"rendered":"Algemene voorwaarden"},"content":{"rendered":"<div data-elementor-type=\"wp-page\" data-elementor-id=\"1496\" class=\"elementor elementor-1496\" data-elementor-post-type=\"page\">\n\t\t\t\t\t\t<section class=\"elementor-section elementor-top-section elementor-element elementor-element-f512d1e elementor-section-boxed elementor-section-height-default elementor-section-height-default\" data-id=\"f512d1e\" data-element_type=\"section\" data-e-type=\"section\">\n\t\t\t\t\t\t<div class=\"elementor-container elementor-column-gap-default\">\n\t\t\t\t\t<div class=\"elementor-column elementor-col-100 elementor-top-column elementor-element elementor-element-58c1a9f\" data-id=\"58c1a9f\" data-element_type=\"column\" data-e-type=\"column\">\n\t\t\t<div class=\"elementor-widget-wrap elementor-element-populated\">\n\t\t\t\t\t\t<div class=\"elementor-element elementor-element-6ee4c22 elementor-widget elementor-widget-heading\" data-id=\"6ee4c22\" data-element_type=\"widget\" data-e-type=\"widget\" data-widget_type=\"heading.default\">\n\t\t\t\t<div class=\"elementor-widget-container\">\n\t\t\t\t\t<h2 class=\"elementor-heading-title elementor-size-default\">Algemene voorwaarden Direct Taxatie B.V. versie Maart 2020<\/h2>\t\t\t\t<\/div>\n\t\t\t\t<\/div>\n\t\t\t\t<div class=\"elementor-element elementor-element-e790e44 elementor-widget elementor-widget-text-editor\" data-id=\"e790e44\" data-element_type=\"widget\" data-e-type=\"widget\" data-widget_type=\"text-editor.default\">\n\t\t\t\t<div class=\"elementor-widget-container\">\n\t\t\t\t\t\t\t\t\t<p class=\"p2\">1. In deze voorwaarden wordt de besloten vennootschap met beperkte aansprakelijkheid Direct Taxatie B.V. statutair gevestigd te Bemmel, gemeente Lingewaard, in de Kamer van Koophandel ingeschreven onder nummer 77731778 geduid als \u2018Opdrachtnemer\u2019. De partij met wie Opdrachtnemer een overeenkomst sluit of aan wie Opdrachtnemer een offerte \/ aanbieding stuurt wordt geduid als \u2018cli\u00ebnt\u2019.<\/p><p class=\"p2\">2. Deze voorwaarden zijn van toepassing op alle offertes en aanbieden van Opdrachtnemer alsmede op alle overeenkomsten zoals met Opdrachtnemer gesloten. De toepasselijkheid van eventuele voorwaarden van cli\u00ebnt wordt uitdrukkelijk door Opdrachtnemer afgewezen, tenzij zulks expliciet en schriftelijk door Opdrachtnemer bevestigd. Eventuele aanpassingen en\/of wijzigingen op deze voorwaarden binden Opdrachtnemer pas slechts en indien voor zover dit expliciet en schriftelijk door Opdrachtnemer is bevestigd onder duiding van die specifieke aanvullingen en\/of aanpassing(en).<\/p><p class=\"p2\">3. Indien enige bepaling in de tussen Opdrachtnemer en cli\u00ebnt gesloten overeenkomst rechtsgeldigheid zou ontberen, behoudt Opdrachtnemer zich het recht voor om daarvoor in de plaats te stellen een voor cli\u00ebnt niet onredelijk bezwarende bepaling die de nietige of vernietigbare zo dicht mogelijk benadert, gelet op de aard en de overige inhoud van de overeenkomst, de wederzijds kenbare belangen van partijen en de omstandigheden van het geval.<\/p><p class=\"p2\">4. Indien \u00e9\u00e9n of meerdere voorwaarde(n) zich leent voor vernietiging en\/of nietig zou(den) zijn, blijven alle overige voorwaarden onverminderd van toepassing.<\/p><p class=\"p2\">5. Een overeenkomst en daaruit voortvloeiende verplichtingen aan de zijde van Opdrachtnemer komen pas tot stand nadat Opdrachtnemer dit nadrukkelijk en schriftelijk heeft bevestigd of als uit gedragingen van Opdrachtnemer volgt dat de overeenkomst tot stand is gekomen.<\/p><p class=\"p2\">6. Uitsluitend cli\u00ebnt kan rechten ontlenen aan de met Opdrachtnemer gesloten overeenkomst. Derden kunnen hier nadrukkelijk g\u00e9\u00e9n rechten aan ontlenen en Opdrachtnemer staat dan ook niet in voor eventuele aanspraken van derden, tenzij nadrukkelijk en expliciet anders overeengekomen.<\/p><p class=\"p2\">7. Cli\u00ebnt staat ervoor in dat alle aangeleverde informatie juist en volledig is.<\/p><p class=\"p2\">8. Opdrachtnemer zal zich inspannen om de overeenkomst zo goed als mogelijk en in alle redelijkheid uit te voeren, waarbij het haar vrij staat om derden in te schakelen tenzij nadrukkelijk en expliciet anders vermeld.<\/p><p class=\"p2\">9. Cli\u00ebnt is verplicht alle redelijke medewerking te verlenen bij het uitvoeren van de overeenkomst door Opdrachtnemer.<\/p><p class=\"p2\">10. Indien Opdrachtnemer werkzaamheden verricht in het kader van het geheel of gedeeltelijk vaststellen van het bepalen van de omvang van belasting(na)heffingen, leges en andere van overheidswege door cli\u00ebnt, staat Opdrachtnemer nimmer in voor de definitief vast te stellen omvang van de genoemde en\/of vergelijkbare heffingen en leges.<\/p><p class=\"p2\">11. Een eventueel aanbod en\/of een offerte van Opdrachtnemer zijn slechts geldig voor de duur van 7 dagen tenzij nadrukkelijk anders vermeld.<\/p><p class=\"p2\">12. Opdrachtnemer is niet aansprakelijk voor schade tenzij sprake is van opzet of bewuste roekeloosheid (grove schuld) van Opdrachtnemer en\/of \u00e9\u00e9n van haar medewerkers.<\/p><p class=\"p2\">13. Opdrachtnemer is slechts aansprakelijk voor eventuele schade tot maximaal de factuurwaarde van de overeenkomst. Nimmer is Opdrachtnemer aansprakelijk voor schade die groter is dan die door haar aansprakelijkheidsverzekeraar wordt erkend.<\/p><p class=\"p2\">14. Cli\u00ebnt vrijwaart Opdrachtnemer nadrukkelijk van eventuele aanspraken van derden uit hoofde van de overeenkomst en\/of een eventuele aanbieding \/ offerte op welke manier en in welke omvang dan ook.<\/p><p class=\"p2\">15. Opdrachtnemer heeft te allen tijde het recht om eventuele prijsstijgingen als gevolg van gewijzigde regelgeving vanuit de overheid, waaronder mede begrepen belastingen en omstandigheden waar Opdrachtnemer geen invloed op heeft, door te berekenen aan cli\u00ebnt.<\/p><p class=\"p2\">16. Indien en voor zover Opdrachtnemer een overeenkomst slechts deels heeft uitgevoerd en\/of andere althans aanvullende werkzaamheden uitvoert, dan dient cli\u00ebnt de hiermee gepaard gaande redelijke kosten aan Opdrachtnemer te vergoeden.<\/p><p class=\"p2\">17. Opdrachtgever dient onverwijld en in ieder geval binnen uiterlijk 3 dagen na ontdekking en\/of binnen 3 dagen nadat dit redelijkerwijs ontdekt had kunnen worden, van een eventuele tekortkoming in de uitvoering van de overeenkomst, tegen behoorlijk bewijs van kwijting door cli\u00ebnt hierop gewezen te worden, bij gebreke waarvan alle eventuele aanspraken en\/of rechten van cli\u00ebnt uit hoofde van die tekortkoming komen te vervallen.<\/p><p class=\"p2\">18. Cli\u00ebnt dient Opdrachtnemer met een ingebrekestelling kans en gelegenheid te bieden om een eventuele tekortkoming binnen een redelijke termijn, waarbij een termijn van tenminste 3 weken geldt, te herstellen, eveneens op verval van alle eventuele rechten en aanspraken van cli\u00ebnt uit hoofde van die tekortkoming. In die ingebrekestelling moet tenminste kenbaar worden gemaakt welke tekortkoming is geconstateerd en welke verwachtingen cli\u00ebnt hierbij heeft.<\/p><p class=\"p2\">19. Een eventuele tekortkoming aan de zijde van Opdrachtnemer schort de betalingsverplichting- en termijn van cli\u00ebnt niet op, tenzij nadrukkelijk en expliciet anders wordt overeengekomen.<\/p><p class=\"p2\">20. Alle betalingsverplichtingen van cli\u00ebnt aan Opdrachtnemer lenen zich niet voor eventuele verrekening.<\/p><p class=\"p2\">21. Cli\u00ebnt dient de factuur binnen uiterlijk veertien dagen na ontvangst ervan te voldoen, tenzij nadrukkelijk en expliciet anders overeengekomen, bij gebreke waarvan Opdrachtnemer aanspraak kan maken op wettelijke handelsrente te berekenen per datum verzuim tot aan de dag van volledige betaling, alsmede aanspraak kan maken op buitengerechtelijke incassokosten, de kosten die gepaard gaan met de inschakeling van juridische bijstand en eventuele proceskosten.<\/p><p class=\"p2\">22. Tenzij anders is overeengekomen wordt een overeenkomst aangegaan voor bepaalde tijd en eindigt deze op het moment dat deze wordt gefactureerd.<\/p><p class=\"p2\">23. Op alle aanbiedingen, offertes en overeenkomsten van Opdrachtnemer is uitsluitend het Nederlands recht van toepassing, waarbij uitsluitend de Rechtbank Gelderland bevoegd is om van een eventueel geschil kennis te nemen, tenzij nadrukkelijk en expliciet anders wordt overeengekomen.<\/p>\t\t\t\t\t\t\t\t<\/div>\n\t\t\t\t<\/div>\n\t\t\t\t\t<\/div>\n\t\t<\/div>\n\t\t\t\t\t<\/div>\n\t\t<\/section>\n\t\t\t\t<section class=\"elementor-section elementor-top-section elementor-element elementor-element-02b599f elementor-section-boxed elementor-section-height-default elementor-section-height-default\" data-id=\"02b599f\" data-element_type=\"section\" data-e-type=\"section\">\n\t\t\t\t\t\t<div class=\"elementor-container elementor-column-gap-default\">\n\t\t\t\t\t<div class=\"elementor-column elementor-col-100 elementor-top-column elementor-element elementor-element-c180ce4\" data-id=\"c180ce4\" data-element_type=\"column\" data-e-type=\"column\">\n\t\t\t<div class=\"elementor-widget-wrap elementor-element-populated\">\n\t\t\t\t\t\t<div class=\"elementor-element elementor-element-f99c057 elementor-align-center elementor-widget elementor-widget-button\" data-id=\"f99c057\" data-element_type=\"widget\" data-e-type=\"widget\" data-widget_type=\"button.default\">\n\t\t\t\t<div class=\"elementor-widget-container\">\n\t\t\t\t\t\t\t\t\t<div class=\"elementor-button-wrapper\">\n\t\t\t\t\t<a class=\"elementor-button elementor-button-link elementor-size-sm\" href=\"https:\/\/www.directtaxatie.nl\/wp-content\/uploads\/2025\/07\/Algemene-voorwaarden-Direct-Taxatie-B.V_.pdf\" download=\"algemene voorwaarden\">\n\t\t\t\t\t\t<span class=\"elementor-button-content-wrapper\">\n\t\t\t\t\t\t<span class=\"elementor-button-icon\">\n\t\t\t\t<i aria-hidden=\"true\" class=\"fas fa-file-download\"><\/i>\t\t\t<\/span>\n\t\t\t\t\t\t\t\t\t<span class=\"elementor-button-text\">Download algemene voorwaarden<\/span>\n\t\t\t\t\t<\/span>\n\t\t\t\t\t<\/a>\n\t\t\t\t<\/div>\n\t\t\t\t\t\t\t\t<\/div>\n\t\t\t\t<\/div>\n\t\t\t\t\t<\/div>\n\t\t<\/div>\n\t\t\t\t\t<\/div>\n\t\t<\/section>\n\t\t\t\t<\/div>","protected":false},"excerpt":{"rendered":"<p>Algemene voorwaarden Direct Taxatie B.V. versie Maart 2020 1. In deze voorwaarden wordt de besloten vennootschap met beperkte aansprakelijkheid Direct Taxatie B.V. statutair gevestigd te Bemmel, gemeente Lingewaard, in de Kamer van Koophandel ingeschreven onder nummer 77731778 geduid als \u2018Opdrachtnemer\u2019. De partij met wie Opdrachtnemer een overeenkomst sluit of aan wie Opdrachtnemer een offerte \/ [&hellip;]<\/p>\n","protected":false},"author":1,"featured_media":0,"parent":0,"menu_order":0,"comment_status":"closed","ping_status":"closed","template":"","meta":{"footnotes":""},"class_list":["post-1496","page","type-page","status-publish","hentry"],"yoast_head":"<!-- This site is optimized with the Yoast SEO plugin v27.5 - https:\/\/yoast.com\/product\/yoast-seo-wordpress\/ -->\n<title>Algemene voorwaarden - Direct Taxatie<\/title>\n<meta name=\"description\" content=\"Lees hier de algemene voorwaarden van Direct Taxatie Voertuigen B.V. voor al uw taxaties en voertuigexpertises.\" \/>\n<meta name=\"robots\" content=\"index, follow, max-snippet:-1, max-image-preview:large, max-video-preview:-1\" \/>\n<link rel=\"canonical\" href=\"https:\/\/www.directtaxatie.nl\/de\/algemene-voorwaarden-direct-taxatie-voertuigen\/\" \/>\n<meta property=\"og:locale\" content=\"de_DE\" \/>\n<meta property=\"og:type\" content=\"article\" \/>\n<meta property=\"og:title\" content=\"Algemene voorwaarden - Direct Taxatie\" \/>\n<meta property=\"og:description\" content=\"Lees hier de algemene voorwaarden van Direct Taxatie Voertuigen B.V. voor al uw taxaties en voertuigexpertises.\" \/>\n<meta property=\"og:url\" content=\"https:\/\/www.directtaxatie.nl\/de\/algemene-voorwaarden-direct-taxatie-voertuigen\/\" \/>\n<meta property=\"og:site_name\" content=\"Direct Taxatie\" \/>\n<meta property=\"article:modified_time\" content=\"2025-11-12T09:24:25+00:00\" \/>\n<meta name=\"twitter:card\" content=\"summary_large_image\" \/>\n<meta name=\"twitter:label1\" content=\"Gesch\u00e4tzte Lesezeit\" \/>\n\t<meta name=\"twitter:data1\" content=\"5\u00a0Minuten\" \/>\n<script type=\"application\/ld+json\" class=\"yoast-schema-graph\">{\"@context\":\"https:\\\/\\\/schema.org\",\"@graph\":[{\"@type\":\"WebPage\",\"@id\":\"https:\\\/\\\/www.directtaxatie.nl\\\/algemene-voorwaarden-direct-taxatie-voertuigen\\\/\",\"url\":\"https:\\\/\\\/www.directtaxatie.nl\\\/algemene-voorwaarden-direct-taxatie-voertuigen\\\/\",\"name\":\"Algemene voorwaarden - Direct Taxatie\",\"isPartOf\":{\"@id\":\"https:\\\/\\\/www.directtaxatie.nl\\\/#website\"},\"datePublished\":\"2025-07-31T08:01:22+00:00\",\"dateModified\":\"2025-11-12T09:24:25+00:00\",\"description\":\"Lees hier de algemene voorwaarden van Direct Taxatie Voertuigen B.V. voor al uw taxaties en voertuigexpertises.\",\"breadcrumb\":{\"@id\":\"https:\\\/\\\/www.directtaxatie.nl\\\/algemene-voorwaarden-direct-taxatie-voertuigen\\\/#breadcrumb\"},\"inLanguage\":\"de\",\"potentialAction\":[{\"@type\":\"ReadAction\",\"target\":[\"https:\\\/\\\/www.directtaxatie.nl\\\/algemene-voorwaarden-direct-taxatie-voertuigen\\\/\"]}]},{\"@type\":\"BreadcrumbList\",\"@id\":\"https:\\\/\\\/www.directtaxatie.nl\\\/algemene-voorwaarden-direct-taxatie-voertuigen\\\/#breadcrumb\",\"itemListElement\":[{\"@type\":\"ListItem\",\"position\":1,\"name\":\"Home\",\"item\":\"https:\\\/\\\/www.directtaxatie.nl\\\/\"},{\"@type\":\"ListItem\",\"position\":2,\"name\":\"Algemene voorwaarden\"}]},{\"@type\":\"WebSite\",\"@id\":\"https:\\\/\\\/www.directtaxatie.nl\\\/#website\",\"url\":\"https:\\\/\\\/www.directtaxatie.nl\\\/\",\"name\":\"Direct Taxatie\",\"description\":\"Voor een vakkundige taxatie!\",\"publisher\":{\"@id\":\"https:\\\/\\\/www.directtaxatie.nl\\\/#organization\"},\"potentialAction\":[{\"@type\":\"SearchAction\",\"target\":{\"@type\":\"EntryPoint\",\"urlTemplate\":\"https:\\\/\\\/www.directtaxatie.nl\\\/?s={search_term_string}\"},\"query-input\":{\"@type\":\"PropertyValueSpecification\",\"valueRequired\":true,\"valueName\":\"search_term_string\"}}],\"inLanguage\":\"de\"},{\"@type\":\"Organization\",\"@id\":\"https:\\\/\\\/www.directtaxatie.nl\\\/#organization\",\"name\":\"Direct Taxatie\",\"url\":\"https:\\\/\\\/www.directtaxatie.nl\\\/\",\"logo\":{\"@type\":\"ImageObject\",\"inLanguage\":\"de\",\"@id\":\"https:\\\/\\\/www.directtaxatie.nl\\\/#\\\/schema\\\/logo\\\/image\\\/\",\"url\":\"https:\\\/\\\/www.directtaxatie.nl\\\/wp-content\\\/uploads\\\/2021\\\/08\\\/Direct-Taxaties-logo-M-transparant.png\",\"contentUrl\":\"https:\\\/\\\/www.directtaxatie.nl\\\/wp-content\\\/uploads\\\/2021\\\/08\\\/Direct-Taxaties-logo-M-transparant.png\",\"width\":1790,\"height\":380,\"caption\":\"Direct Taxatie\"},\"image\":{\"@id\":\"https:\\\/\\\/www.directtaxatie.nl\\\/#\\\/schema\\\/logo\\\/image\\\/\"}}]}<\/script>\n<!-- \/ Yoast SEO plugin. -->","yoast_head_json":{"title":"Algemene voorwaarden - Direct Taxatie","description":"Lees hier de algemene voorwaarden van Direct Taxatie Voertuigen B.V. voor al uw taxaties en voertuigexpertises.","robots":{"index":"index","follow":"follow","max-snippet":"max-snippet:-1","max-image-preview":"max-image-preview:large","max-video-preview":"max-video-preview:-1"},"canonical":"https:\/\/www.directtaxatie.nl\/de\/algemene-voorwaarden-direct-taxatie-voertuigen\/","og_locale":"de_DE","og_type":"article","og_title":"Algemene voorwaarden - Direct Taxatie","og_description":"Lees hier de algemene voorwaarden van Direct Taxatie Voertuigen B.V. voor al uw taxaties en voertuigexpertises.","og_url":"https:\/\/www.directtaxatie.nl\/de\/algemene-voorwaarden-direct-taxatie-voertuigen\/","og_site_name":"Direct Taxatie","article_modified_time":"2025-11-12T09:24:25+00:00","twitter_card":"summary_large_image","twitter_misc":{"Gesch\u00e4tzte Lesezeit":"5\u00a0Minuten"},"schema":{"@context":"https:\/\/schema.org","@graph":[{"@type":"WebPage","@id":"https:\/\/www.directtaxatie.nl\/algemene-voorwaarden-direct-taxatie-voertuigen\/","url":"https:\/\/www.directtaxatie.nl\/algemene-voorwaarden-direct-taxatie-voertuigen\/","name":"Algemene voorwaarden - Direct Taxatie","isPartOf":{"@id":"https:\/\/www.directtaxatie.nl\/#website"},"datePublished":"2025-07-31T08:01:22+00:00","dateModified":"2025-11-12T09:24:25+00:00","description":"Lees hier de algemene voorwaarden van Direct Taxatie Voertuigen B.V. voor al uw taxaties en voertuigexpertises.","breadcrumb":{"@id":"https:\/\/www.directtaxatie.nl\/algemene-voorwaarden-direct-taxatie-voertuigen\/#breadcrumb"},"inLanguage":"de","potentialAction":[{"@type":"ReadAction","target":["https:\/\/www.directtaxatie.nl\/algemene-voorwaarden-direct-taxatie-voertuigen\/"]}]},{"@type":"BreadcrumbList","@id":"https:\/\/www.directtaxatie.nl\/algemene-voorwaarden-direct-taxatie-voertuigen\/#breadcrumb","itemListElement":[{"@type":"ListItem","position":1,"name":"Home","item":"https:\/\/www.directtaxatie.nl\/"},{"@type":"ListItem","position":2,"name":"Algemene voorwaarden"}]},{"@type":"WebSite","@id":"https:\/\/www.directtaxatie.nl\/#website","url":"https:\/\/www.directtaxatie.nl\/","name":"Direct Taxatie","description":"Voor een vakkundige taxatie!","publisher":{"@id":"https:\/\/www.directtaxatie.nl\/#organization"},"potentialAction":[{"@type":"SearchAction","target":{"@type":"EntryPoint","urlTemplate":"https:\/\/www.directtaxatie.nl\/?s={search_term_string}"},"query-input":{"@type":"PropertyValueSpecification","valueRequired":true,"valueName":"search_term_string"}}],"inLanguage":"de"},{"@type":"Organization","@id":"https:\/\/www.directtaxatie.nl\/#organization","name":"Direct Taxatie","url":"https:\/\/www.directtaxatie.nl\/","logo":{"@type":"ImageObject","inLanguage":"de","@id":"https:\/\/www.directtaxatie.nl\/#\/schema\/logo\/image\/","url":"https:\/\/www.directtaxatie.nl\/wp-content\/uploads\/2021\/08\/Direct-Taxaties-logo-M-transparant.png","contentUrl":"https:\/\/www.directtaxatie.nl\/wp-content\/uploads\/2021\/08\/Direct-Taxaties-logo-M-transparant.png","width":1790,"height":380,"caption":"Direct Taxatie"},"image":{"@id":"https:\/\/www.directtaxatie.nl\/#\/schema\/logo\/image\/"}}]}},"_links":{"self":[{"href":"https:\/\/www.directtaxatie.nl\/de\/wp-json\/wp\/v2\/pages\/1496","targetHints":{"allow":["GET"]}}],"collection":[{"href":"https:\/\/www.directtaxatie.nl\/de\/wp-json\/wp\/v2\/pages"}],"about":[{"href":"https:\/\/www.directtaxatie.nl\/de\/wp-json\/wp\/v2\/types\/page"}],"author":[{"embeddable":true,"href":"https:\/\/www.directtaxatie.nl\/de\/wp-json\/wp\/v2\/users\/1"}],"replies":[{"embeddable":true,"href":"https:\/\/www.directtaxatie.nl\/de\/wp-json\/wp\/v2\/comments?post=1496"}],"version-history":[{"count":25,"href":"https:\/\/www.directtaxatie.nl\/de\/wp-json\/wp\/v2\/pages\/1496\/revisions"}],"predecessor-version":[{"id":1694,"href":"https:\/\/www.directtaxatie.nl\/de\/wp-json\/wp\/v2\/pages\/1496\/revisions\/1694"}],"wp:attachment":[{"href":"https:\/\/www.directtaxatie.nl\/de\/wp-json\/wp\/v2\/media?parent=1496"}],"curies":[{"name":"wp","href":"https:\/\/api.w.org\/{rel}","templated":true}]}}